{"id":7684,"date":"2022-07-01T08:49:48","date_gmt":"2022-07-01T08:49:48","guid":{"rendered":"https:\/\/borascotton.se\/designers\/"},"modified":"2023-08-28T09:16:16","modified_gmt":"2023-08-28T09:16:16","slug":"designers","status":"publish","type":"page","link":"https:\/\/borascotton.se\/en\/designers\/","title":{"rendered":"Designers"},"content":{"rendered":"\t\t<div data-elementor-type=\"wp-page\" data-elementor-id=\"7684\" class=\"elementor elementor-7684 elementor-4420\" data-elementor-post-type=\"page\">\n\t\t\t\t\t\t<section class=\"elementor-section elementor-top-section elementor-element elementor-element-5e2ff26 elementor-section-boxed elementor-section-height-default elementor-section-height-default\" data-id=\"5e2ff26\" data-element_type=\"section\" data-e-type=\"section\">\n\t\t\t\t\t\t<div class=\"elementor-container elementor-column-gap-default\">\n\t\t\t\t\t<div class=\"elementor-column elementor-col-100 elementor-top-column elementor-element elementor-element-863ec4a\" data-id=\"863ec4a\" data-element_type=\"column\" data-e-type=\"column\">\n\t\t\t<div class=\"elementor-widget-wrap elementor-element-populated\">\n\t\t\t\t\t\t<div class=\"elementor-element elementor-element-28f90be elementor-widget elementor-widget-heading\" data-id=\"28f90be\" data-element_type=\"widget\" data-e-type=\"widget\" data-widget_type=\"heading.default\">\n\t\t\t\t<div class=\"elementor-widget-container\">\n\t\t\t\t\t<h1 class=\"elementor-heading-title elementor-size-default\">Swedish fabric designers<\/h1>\t\t\t\t<\/div>\n\t\t\t\t<\/div>\n\t\t\t\t\t<\/div>\n\t\t<\/div>\n\t\t\t\t\t<\/div>\n\t\t<\/section>\n\t\t\t\t<section class=\"elementor-section elementor-top-section elementor-element elementor-element-f3fb51b elementor-section-boxed elementor-section-height-default elementor-section-height-default\" data-id=\"f3fb51b\" data-element_type=\"section\" data-e-type=\"section\">\n\t\t\t\t\t\t<div class=\"elementor-container elementor-column-gap-default\">\n\t\t\t\t\t<div class=\"elementor-column elementor-col-100 elementor-top-column elementor-element elementor-element-955cb85\" data-id=\"955cb85\" data-element_type=\"column\" data-e-type=\"column\">\n\t\t\t<div class=\"elementor-widget-wrap elementor-element-populated\">\n\t\t\t\t\t\t<div class=\"elementor-element elementor-element-2afe889 elementor-grid-4 elementor-posts--align-center elementor-grid-tablet-2 elementor-grid-mobile-1 elementor-posts--thumbnail-top elementor-widget elementor-widget-posts\" data-id=\"2afe889\" data-element_type=\"widget\" data-e-type=\"widget\" data-settings=\"{&quot;classic_columns&quot;:&quot;4&quot;,&quot;classic_columns_tablet&quot;:&quot;2&quot;,&quot;classic_columns_mobile&quot;:&quot;1&quot;,&quot;classic_row_gap&quot;:{&quot;unit&quot;:&quot;px&quot;,&quot;size&quot;:35,&quot;sizes&quot;:[]},&quot;classic_row_gap_tablet&quot;:{&quot;unit&quot;:&quot;px&quot;,&quot;size&quot;:&quot;&quot;,&quot;sizes&quot;:[]},&quot;classic_row_gap_mobile&quot;:{&quot;unit&quot;:&quot;px&quot;,&quot;size&quot;:&quot;&quot;,&quot;sizes&quot;:[]}}\" data-widget_type=\"posts.classic\">\n\t\t\t\t<div class=\"elementor-widget-container\">\n\t\t\t\t\t\t\t<div class=\"elementor-posts-container elementor-posts elementor-posts--skin-classic elementor-grid\" role=\"list\">\n\t\t\t\t<article class=\"elementor-post elementor-grid-item post-7326 designers type-designers status-publish has-post-thumbnail hentry\" role=\"listitem\">\n\t\t\t\t<a class=\"elementor-post__thumbnail__link\" href=\"https:\/\/borascotton.se\/en\/designers\/ann-cathrine-sigrid-stahlberg\/\" tabindex=\"-1\" >\n\t\t\t<div class=\"elementor-post__thumbnail\"><img fetchpriority=\"high\" decoding=\"async\" width=\"510\" height=\"570\" src=\"https:\/\/borascotton.se\/wp-content\/uploads\/2022\/07\/anncathrine_sigrid-510x570-1.jpg\" class=\"attachment-full size-full wp-image-7685\" alt=\"\" title=\"\" srcset=\"https:\/\/borascotton.se\/wp-content\/uploads\/2022\/07\/anncathrine_sigrid-510x570-1.jpg 510w, https:\/\/borascotton.se\/wp-content\/uploads\/2022\/07\/anncathrine_sigrid-510x570-1-268x300.jpg 268w\" sizes=\"(max-width: 510px) 100vw, 510px\" \/><\/div>\n\t\t<\/a>\n\t\t\t\t<div class=\"elementor-post__text\">\n\t\t\t\t<h2 class=\"elementor-post__title\">\n\t\t\t<a href=\"https:\/\/borascotton.se\/en\/designers\/ann-cathrine-sigrid-stahlberg\/\" >\n\t\t\t\tAnn-Cathrine Sigrid St\u00e5hlberg\t\t\t<\/a>\n\t\t<\/h2>\n\t\t\t\t<div class=\"elementor-post__excerpt\">\n\t\t\t\t\t<\/div>\n\t\t\t\t<\/div>\n\t\t\t\t<\/article>\n\t\t\t\t<article class=\"elementor-post elementor-grid-item post-7360 designers type-designers status-publish has-post-thumbnail hentry\" role=\"listitem\">\n\t\t\t\t<a class=\"elementor-post__thumbnail__link\" href=\"https:\/\/borascotton.se\/en\/designers\/aoi-yoshizawa\/\" tabindex=\"-1\" >\n\t\t\t<div class=\"elementor-post__thumbnail\"><img decoding=\"async\" width=\"510\" height=\"676\" src=\"https:\/\/borascotton.se\/wp-content\/uploads\/2022\/08\/Aoi.jpg\" class=\"attachment-full size-full wp-image-4628\" alt=\"\" title=\"\" srcset=\"https:\/\/borascotton.se\/wp-content\/uploads\/2022\/08\/Aoi.jpg 510w, https:\/\/borascotton.se\/wp-content\/uploads\/2022\/08\/Aoi-226x300.jpg 226w\" sizes=\"(max-width: 510px) 100vw, 510px\" \/><\/div>\n\t\t<\/a>\n\t\t\t\t<div class=\"elementor-post__text\">\n\t\t\t\t<h2 class=\"elementor-post__title\">\n\t\t\t<a href=\"https:\/\/borascotton.se\/en\/designers\/aoi-yoshizawa\/\" >\n\t\t\t\tAoi Yoshizawa\t\t\t<\/a>\n\t\t<\/h2>\n\t\t\t\t<div class=\"elementor-post__excerpt\">\n\t\t\t\t\t<\/div>\n\t\t\t\t<\/div>\n\t\t\t\t<\/article>\n\t\t\t\t<article class=\"elementor-post elementor-grid-item post-7354 designers type-designers status-publish has-post-thumbnail hentry\" role=\"listitem\">\n\t\t\t\t<a class=\"elementor-post__thumbnail__link\" href=\"https:\/\/borascotton.se\/en\/designers\/bcc\/\" tabindex=\"-1\" >\n\t\t\t<div class=\"elementor-post__thumbnail\"><img decoding=\"async\" width=\"497\" height=\"497\" src=\"https:\/\/borascotton.se\/wp-content\/uploads\/2022\/08\/BorascottonFav.jpg\" class=\"attachment-full size-full wp-image-5195\" alt=\"\" title=\"\" srcset=\"https:\/\/borascotton.se\/wp-content\/uploads\/2022\/08\/BorascottonFav.jpg 497w, https:\/\/borascotton.se\/wp-content\/uploads\/2022\/08\/BorascottonFav-300x300.jpg 300w, https:\/\/borascotton.se\/wp-content\/uploads\/2022\/08\/BorascottonFav-100x100.jpg 100w, https:\/\/borascotton.se\/wp-content\/uploads\/2022\/08\/BorascottonFav-150x150.jpg 150w\" sizes=\"(max-width: 497px) 100vw, 497px\" \/><\/div>\n\t\t<\/a>\n\t\t\t\t<div class=\"elementor-post__text\">\n\t\t\t\t<h2 class=\"elementor-post__title\">\n\t\t\t<a href=\"https:\/\/borascotton.se\/en\/designers\/bcc\/\" >\n\t\t\t\tBCC\t\t\t<\/a>\n\t\t<\/h2>\n\t\t\t\t<div class=\"elementor-post__excerpt\">\n\t\t\t\t\t<\/div>\n\t\t\t\t<\/div>\n\t\t\t\t<\/article>\n\t\t\t\t<article class=\"elementor-post elementor-grid-item post-6612 designers type-designers status-publish has-post-thumbnail hentry\" role=\"listitem\">\n\t\t\t\t<a class=\"elementor-post__thumbnail__link\" href=\"https:\/\/borascotton.se\/en\/designers\/bjork-forth\/\" tabindex=\"-1\" >\n\t\t\t<div class=\"elementor-post__thumbnail\"><img loading=\"lazy\" decoding=\"async\" width=\"510\" height=\"676\" src=\"https:\/\/borascotton.se\/wp-content\/uploads\/2022\/08\/bjork_forth1.jpg\" class=\"attachment-full size-full wp-image-4605\" alt=\"\" title=\"\" srcset=\"https:\/\/borascotton.se\/wp-content\/uploads\/2022\/08\/bjork_forth1.jpg 510w, https:\/\/borascotton.se\/wp-content\/uploads\/2022\/08\/bjork_forth1-226x300.jpg 226w\" sizes=\"(max-width: 510px) 100vw, 510px\" \/><\/div>\n\t\t<\/a>\n\t\t\t\t<div class=\"elementor-post__text\">\n\t\t\t\t<h2 class=\"elementor-post__title\">\n\t\t\t<a href=\"https:\/\/borascotton.se\/en\/designers\/bjork-forth\/\" >\n\t\t\t\tBj\u00f6rk Forth\t\t\t<\/a>\n\t\t<\/h2>\n\t\t\t\t<div class=\"elementor-post__excerpt\">\n\t\t\t\t\t<\/div>\n\t\t\t\t<\/div>\n\t\t\t\t<\/article>\n\t\t\t\t<article class=\"elementor-post elementor-grid-item post-7352 designers type-designers status-publish has-post-thumbnail hentry\" role=\"listitem\">\n\t\t\t\t<a class=\"elementor-post__thumbnail__link\" href=\"https:\/\/borascotton.se\/en\/designers\/boras-cotton\/\" tabindex=\"-1\" >\n\t\t\t<div class=\"elementor-post__thumbnail\"><img loading=\"lazy\" decoding=\"async\" width=\"298\" height=\"395\" src=\"https:\/\/borascotton.se\/wp-content\/uploads\/2023\/01\/boras-cotton.jpg\" class=\"attachment-full size-full wp-image-6584\" alt=\"\" title=\"\" srcset=\"https:\/\/borascotton.se\/wp-content\/uploads\/2023\/01\/boras-cotton.jpg 298w, https:\/\/borascotton.se\/wp-content\/uploads\/2023\/01\/boras-cotton-226x300.jpg 226w\" sizes=\"(max-width: 298px) 100vw, 298px\" \/><\/div>\n\t\t<\/a>\n\t\t\t\t<div class=\"elementor-post__text\">\n\t\t\t\t<h2 class=\"elementor-post__title\">\n\t\t\t<a href=\"https:\/\/borascotton.se\/en\/designers\/boras-cotton\/\" >\n\t\t\t\tBor\u00e5s Cotton\t\t\t<\/a>\n\t\t<\/h2>\n\t\t\t\t<div class=\"elementor-post__excerpt\">\n\t\t\t\t\t<\/div>\n\t\t\t\t<\/div>\n\t\t\t\t<\/article>\n\t\t\t\t<article class=\"elementor-post elementor-grid-item post-7329 designers type-designers status-publish has-post-thumbnail hentry\" role=\"listitem\">\n\t\t\t\t<a class=\"elementor-post__thumbnail__link\" href=\"https:\/\/borascotton.se\/en\/designers\/carl-johan-hane\/\" tabindex=\"-1\" >\n\t\t\t<div class=\"elementor-post__thumbnail\"><img loading=\"lazy\" decoding=\"async\" width=\"510\" height=\"570\" src=\"https:\/\/borascotton.se\/wp-content\/uploads\/2022\/07\/carljohanhane-510x570-1.jpg\" class=\"attachment-full size-full wp-image-7688\" alt=\"\" title=\"\" srcset=\"https:\/\/borascotton.se\/wp-content\/uploads\/2022\/07\/carljohanhane-510x570-1.jpg 510w, https:\/\/borascotton.se\/wp-content\/uploads\/2022\/07\/carljohanhane-510x570-1-268x300.jpg 268w\" sizes=\"(max-width: 510px) 100vw, 510px\" \/><\/div>\n\t\t<\/a>\n\t\t\t\t<div class=\"elementor-post__text\">\n\t\t\t\t<h2 class=\"elementor-post__title\">\n\t\t\t<a href=\"https:\/\/borascotton.se\/en\/designers\/carl-johan-hane\/\" >\n\t\t\t\tCarl Johan Hane\t\t\t<\/a>\n\t\t<\/h2>\n\t\t\t\t<div class=\"elementor-post__excerpt\">\n\t\t\t\t\t<\/div>\n\t\t\t\t<\/div>\n\t\t\t\t<\/article>\n\t\t\t\t<article class=\"elementor-post elementor-grid-item post-7332 designers type-designers status-publish has-post-thumbnail hentry\" role=\"listitem\">\n\t\t\t\t<a class=\"elementor-post__thumbnail__link\" href=\"https:\/\/borascotton.se\/en\/designers\/essy-winnerholt\/\" tabindex=\"-1\" >\n\t\t\t<div class=\"elementor-post__thumbnail\"><img loading=\"lazy\" decoding=\"async\" width=\"510\" height=\"676\" src=\"https:\/\/borascotton.se\/wp-content\/uploads\/2022\/08\/essywinnerholt.jpg\" class=\"attachment-full size-full wp-image-4650\" alt=\"\" title=\"\" srcset=\"https:\/\/borascotton.se\/wp-content\/uploads\/2022\/08\/essywinnerholt.jpg 510w, https:\/\/borascotton.se\/wp-content\/uploads\/2022\/08\/essywinnerholt-226x300.jpg 226w\" sizes=\"(max-width: 510px) 100vw, 510px\" \/><\/div>\n\t\t<\/a>\n\t\t\t\t<div class=\"elementor-post__text\">\n\t\t\t\t<h2 class=\"elementor-post__title\">\n\t\t\t<a href=\"https:\/\/borascotton.se\/en\/designers\/essy-winnerholt\/\" >\n\t\t\t\tEssy Winnerholt\t\t\t<\/a>\n\t\t<\/h2>\n\t\t\t\t<div class=\"elementor-post__excerpt\">\n\t\t\t\t\t<\/div>\n\t\t\t\t<\/div>\n\t\t\t\t<\/article>\n\t\t\t\t<article class=\"elementor-post elementor-grid-item post-7358 designers type-designers status-publish has-post-thumbnail hentry\" role=\"listitem\">\n\t\t\t\t<a class=\"elementor-post__thumbnail__link\" href=\"https:\/\/borascotton.se\/en\/designers\/gota-tragardh\/\" tabindex=\"-1\" >\n\t\t\t<div class=\"elementor-post__thumbnail\"><img loading=\"lazy\" decoding=\"async\" width=\"549\" height=\"728\" src=\"https:\/\/borascotton.se\/wp-content\/uploads\/2022\/08\/gota-2.jpg\" class=\"attachment-full size-full wp-image-6596\" alt=\"\" title=\"\" srcset=\"https:\/\/borascotton.se\/wp-content\/uploads\/2022\/08\/gota-2.jpg 549w, https:\/\/borascotton.se\/wp-content\/uploads\/2022\/08\/gota-2-226x300.jpg 226w\" sizes=\"(max-width: 549px) 100vw, 549px\" \/><\/div>\n\t\t<\/a>\n\t\t\t\t<div class=\"elementor-post__text\">\n\t\t\t\t<h2 class=\"elementor-post__title\">\n\t\t\t<a href=\"https:\/\/borascotton.se\/en\/designers\/gota-tragardh\/\" >\n\t\t\t\tG\u00f6ta Tr\u00e4g\u00e5rdh\t\t\t<\/a>\n\t\t<\/h2>\n\t\t\t\t<div class=\"elementor-post__excerpt\">\n\t\t\t\t\t<\/div>\n\t\t\t\t<\/div>\n\t\t\t\t<\/article>\n\t\t\t\t<article class=\"elementor-post elementor-grid-item post-6274 designers type-designers status-publish has-post-thumbnail hentry\" role=\"listitem\">\n\t\t\t\t<a class=\"elementor-post__thumbnail__link\" href=\"https:\/\/borascotton.se\/en\/designers\/hanna-werning\/\" tabindex=\"-1\" >\n\t\t\t<div class=\"elementor-post__thumbnail\"><img loading=\"lazy\" decoding=\"async\" width=\"510\" height=\"676\" src=\"https:\/\/borascotton.se\/wp-content\/uploads\/2022\/11\/hanna_werning.jpg\" class=\"attachment-full size-full wp-image-6271\" alt=\"Swedish fabric designer Hanna Werning\" title=\"\" srcset=\"https:\/\/borascotton.se\/wp-content\/uploads\/2022\/11\/hanna_werning.jpg 510w, https:\/\/borascotton.se\/wp-content\/uploads\/2022\/11\/hanna_werning-226x300.jpg 226w\" sizes=\"(max-width: 510px) 100vw, 510px\" \/><\/div>\n\t\t<\/a>\n\t\t\t\t<div class=\"elementor-post__text\">\n\t\t\t\t<h2 class=\"elementor-post__title\">\n\t\t\t<a href=\"https:\/\/borascotton.se\/en\/designers\/hanna-werning\/\" >\n\t\t\t\tHanna Werning\t\t\t<\/a>\n\t\t<\/h2>\n\t\t\t\t<div class=\"elementor-post__excerpt\">\n\t\t\t\t\t<\/div>\n\t\t\t\t<\/div>\n\t\t\t\t<\/article>\n\t\t\t\t<article class=\"elementor-post elementor-grid-item post-7334 designers type-designers status-publish has-post-thumbnail hentry\" role=\"listitem\">\n\t\t\t\t<a class=\"elementor-post__thumbnail__link\" href=\"https:\/\/borascotton.se\/en\/designers\/inez-svensson\/\" tabindex=\"-1\" >\n\t\t\t<div class=\"elementor-post__thumbnail\"><img loading=\"lazy\" decoding=\"async\" width=\"510\" height=\"667\" src=\"https:\/\/borascotton.se\/wp-content\/uploads\/2022\/08\/inez_svensson.jpg\" class=\"attachment-full size-full wp-image-4678\" alt=\"\" title=\"\" srcset=\"https:\/\/borascotton.se\/wp-content\/uploads\/2022\/08\/inez_svensson.jpg 510w, https:\/\/borascotton.se\/wp-content\/uploads\/2022\/08\/inez_svensson-229x300.jpg 229w\" sizes=\"(max-width: 510px) 100vw, 510px\" \/><\/div>\n\t\t<\/a>\n\t\t\t\t<div class=\"elementor-post__text\">\n\t\t\t\t<h2 class=\"elementor-post__title\">\n\t\t\t<a href=\"https:\/\/borascotton.se\/en\/designers\/inez-svensson\/\" >\n\t\t\t\tInez Svensson\t\t\t<\/a>\n\t\t<\/h2>\n\t\t\t\t<div class=\"elementor-post__excerpt\">\n\t\t\t\t\t<\/div>\n\t\t\t\t<\/div>\n\t\t\t\t<\/article>\n\t\t\t\t<article class=\"elementor-post elementor-grid-item post-7337 designers type-designers status-publish has-post-thumbnail hentry\" role=\"listitem\">\n\t\t\t\t<a class=\"elementor-post__thumbnail__link\" href=\"https:\/\/borascotton.se\/en\/designers\/ingela-backman\/\" tabindex=\"-1\" >\n\t\t\t<div class=\"elementor-post__thumbnail\"><img loading=\"lazy\" decoding=\"async\" width=\"510\" height=\"676\" src=\"https:\/\/borascotton.se\/wp-content\/uploads\/2022\/08\/Foto_bw.jpg\" class=\"attachment-full size-full wp-image-4619\" alt=\"\" title=\"\" srcset=\"https:\/\/borascotton.se\/wp-content\/uploads\/2022\/08\/Foto_bw.jpg 510w, https:\/\/borascotton.se\/wp-content\/uploads\/2022\/08\/Foto_bw-226x300.jpg 226w\" sizes=\"(max-width: 510px) 100vw, 510px\" \/><\/div>\n\t\t<\/a>\n\t\t\t\t<div class=\"elementor-post__text\">\n\t\t\t\t<h2 class=\"elementor-post__title\">\n\t\t\t<a href=\"https:\/\/borascotton.se\/en\/designers\/ingela-backman\/\" >\n\t\t\t\tIngela Backman\t\t\t<\/a>\n\t\t<\/h2>\n\t\t\t\t<div class=\"elementor-post__excerpt\">\n\t\t\t\t\t<\/div>\n\t\t\t\t<\/div>\n\t\t\t\t<\/article>\n\t\t\t\t<article class=\"elementor-post elementor-grid-item post-7340 designers type-designers status-publish has-post-thumbnail hentry\" role=\"listitem\">\n\t\t\t\t<a class=\"elementor-post__thumbnail__link\" href=\"https:\/\/borascotton.se\/en\/designers\/kiki-plesner-lofroth-plesner-patterns\/\" tabindex=\"-1\" >\n\t\t\t<div class=\"elementor-post__thumbnail\"><img loading=\"lazy\" decoding=\"async\" width=\"510\" height=\"676\" src=\"https:\/\/borascotton.se\/wp-content\/uploads\/2022\/08\/Kiki_Plesner_ny_s-1.jpg\" class=\"attachment-full size-full wp-image-4574\" alt=\"\" title=\"\" srcset=\"https:\/\/borascotton.se\/wp-content\/uploads\/2022\/08\/Kiki_Plesner_ny_s-1.jpg 510w, https:\/\/borascotton.se\/wp-content\/uploads\/2022\/08\/Kiki_Plesner_ny_s-1-226x300.jpg 226w\" sizes=\"(max-width: 510px) 100vw, 510px\" \/><\/div>\n\t\t<\/a>\n\t\t\t\t<div class=\"elementor-post__text\">\n\t\t\t\t<h2 class=\"elementor-post__title\">\n\t\t\t<a href=\"https:\/\/borascotton.se\/en\/designers\/kiki-plesner-lofroth-plesner-patterns\/\" >\n\t\t\t\tKiki Plesner-L\u00f6froth \/ Plesner Patterns\t\t\t<\/a>\n\t\t<\/h2>\n\t\t\t\t<div class=\"elementor-post__excerpt\">\n\t\t\t\t\t<\/div>\n\t\t\t\t<\/div>\n\t\t\t\t<\/article>\n\t\t\t\t<article class=\"elementor-post elementor-grid-item post-6276 designers type-designers status-publish has-post-thumbnail hentry\" role=\"listitem\">\n\t\t\t\t<a class=\"elementor-post__thumbnail__link\" href=\"https:\/\/borascotton.se\/en\/designers\/lena-appel\/\" tabindex=\"-1\" >\n\t\t\t<div class=\"elementor-post__thumbnail\"><img loading=\"lazy\" decoding=\"async\" width=\"665\" height=\"800\" src=\"https:\/\/borascotton.se\/wp-content\/uploads\/2022\/10\/Bora\u030asCotton_LenaAppel_fotoBoboLindblad2022.jpg\" class=\"attachment-full size-full wp-image-6238\" alt=\"\" title=\"\" srcset=\"https:\/\/borascotton.se\/wp-content\/uploads\/2022\/10\/Bora\u030asCotton_LenaAppel_fotoBoboLindblad2022.jpg 665w, https:\/\/borascotton.se\/wp-content\/uploads\/2022\/10\/Bora\u030asCotton_LenaAppel_fotoBoboLindblad2022-249x300.jpg 249w, https:\/\/borascotton.se\/wp-content\/uploads\/2022\/10\/Bora\u030asCotton_LenaAppel_fotoBoboLindblad2022-600x722.jpg 600w\" sizes=\"(max-width: 665px) 100vw, 665px\" \/><\/div>\n\t\t<\/a>\n\t\t\t\t<div class=\"elementor-post__text\">\n\t\t\t\t<h2 class=\"elementor-post__title\">\n\t\t\t<a href=\"https:\/\/borascotton.se\/en\/designers\/lena-appel\/\" >\n\t\t\t\tLena Appel\t\t\t<\/a>\n\t\t<\/h2>\n\t\t\t\t<div class=\"elementor-post__excerpt\">\n\t\t\t\t\t<\/div>\n\t\t\t\t<\/div>\n\t\t\t\t<\/article>\n\t\t\t\t<article class=\"elementor-post elementor-grid-item post-7343 designers type-designers status-publish has-post-thumbnail hentry\" role=\"listitem\">\n\t\t\t\t<a class=\"elementor-post__thumbnail__link\" href=\"https:\/\/borascotton.se\/en\/designers\/lena-boije\/\" tabindex=\"-1\" >\n\t\t\t<div class=\"elementor-post__thumbnail\"><img loading=\"lazy\" decoding=\"async\" width=\"510\" height=\"676\" src=\"https:\/\/borascotton.se\/wp-content\/uploads\/2022\/08\/lena.jpg\" class=\"attachment-full size-full wp-image-4667\" alt=\"\" title=\"\" srcset=\"https:\/\/borascotton.se\/wp-content\/uploads\/2022\/08\/lena.jpg 510w, https:\/\/borascotton.se\/wp-content\/uploads\/2022\/08\/lena-226x300.jpg 226w\" sizes=\"(max-width: 510px) 100vw, 510px\" \/><\/div>\n\t\t<\/a>\n\t\t\t\t<div class=\"elementor-post__text\">\n\t\t\t\t<h2 class=\"elementor-post__title\">\n\t\t\t<a href=\"https:\/\/borascotton.se\/en\/designers\/lena-boije\/\" >\n\t\t\t\tLena Boije\t\t\t<\/a>\n\t\t<\/h2>\n\t\t\t\t<div class=\"elementor-post__excerpt\">\n\t\t\t\t\t<\/div>\n\t\t\t\t<\/div>\n\t\t\t\t<\/article>\n\t\t\t\t<article class=\"elementor-post elementor-grid-item post-7346 designers type-designers status-publish has-post-thumbnail hentry\" role=\"listitem\">\n\t\t\t\t<a class=\"elementor-post__thumbnail__link\" href=\"https:\/\/borascotton.se\/en\/designers\/lisa-larson\/\" tabindex=\"-1\" >\n\t\t\t<div class=\"elementor-post__thumbnail\"><img loading=\"lazy\" decoding=\"async\" width=\"510\" height=\"676\" src=\"https:\/\/borascotton.se\/wp-content\/uploads\/2022\/08\/LisaLarson.jpg\" class=\"attachment-full size-full wp-image-4642\" alt=\"\" title=\"\" srcset=\"https:\/\/borascotton.se\/wp-content\/uploads\/2022\/08\/LisaLarson.jpg 510w, https:\/\/borascotton.se\/wp-content\/uploads\/2022\/08\/LisaLarson-226x300.jpg 226w\" sizes=\"(max-width: 510px) 100vw, 510px\" \/><\/div>\n\t\t<\/a>\n\t\t\t\t<div class=\"elementor-post__text\">\n\t\t\t\t<h2 class=\"elementor-post__title\">\n\t\t\t<a href=\"https:\/\/borascotton.se\/en\/designers\/lisa-larson\/\" >\n\t\t\t\tLisa Larson\t\t\t<\/a>\n\t\t<\/h2>\n\t\t\t\t<div class=\"elementor-post__excerpt\">\n\t\t\t\t\t<\/div>\n\t\t\t\t<\/div>\n\t\t\t\t<\/article>\n\t\t\t\t<article class=\"elementor-post elementor-grid-item post-7324 designers type-designers status-publish has-post-thumbnail hentry\" role=\"listitem\">\n\t\t\t\t<a class=\"elementor-post__thumbnail__link\" href=\"https:\/\/borascotton.se\/en\/designers\/mona-bjork\/\" tabindex=\"-1\" >\n\t\t\t<div class=\"elementor-post__thumbnail\"><img loading=\"lazy\" decoding=\"async\" width=\"298\" height=\"381\" src=\"https:\/\/borascotton.se\/wp-content\/uploads\/2023\/01\/mona-bjork.jpg\" class=\"attachment-full size-full wp-image-6709\" alt=\"\" title=\"\" srcset=\"https:\/\/borascotton.se\/wp-content\/uploads\/2023\/01\/mona-bjork.jpg 298w, https:\/\/borascotton.se\/wp-content\/uploads\/2023\/01\/mona-bjork-235x300.jpg 235w\" sizes=\"(max-width: 298px) 100vw, 298px\" \/><\/div>\n\t\t<\/a>\n\t\t\t\t<div class=\"elementor-post__text\">\n\t\t\t\t<h2 class=\"elementor-post__title\">\n\t\t\t<a href=\"https:\/\/borascotton.se\/en\/designers\/mona-bjork\/\" >\n\t\t\t\tMona Bj\u00f6rk\t\t\t<\/a>\n\t\t<\/h2>\n\t\t\t\t<div class=\"elementor-post__excerpt\">\n\t\t\t\t\t<\/div>\n\t\t\t\t<\/div>\n\t\t\t\t<\/article>\n\t\t\t\t<article class=\"elementor-post elementor-grid-item post-7349 designers type-designers status-publish has-post-thumbnail hentry\" role=\"listitem\">\n\t\t\t\t<a class=\"elementor-post__thumbnail__link\" href=\"https:\/\/borascotton.se\/en\/designers\/sven-fristedt\/\" tabindex=\"-1\" >\n\t\t\t<div class=\"elementor-post__thumbnail\"><img loading=\"lazy\" decoding=\"async\" width=\"480\" height=\"639\" src=\"https:\/\/borascotton.se\/wp-content\/uploads\/2022\/08\/sven_fristedt-1.jpg\" class=\"attachment-full size-full wp-image-8567\" alt=\"Swedish fabric designer Sven Fristedt\" title=\"\" srcset=\"https:\/\/borascotton.se\/wp-content\/uploads\/2022\/08\/sven_fristedt-1.jpg 480w, https:\/\/borascotton.se\/wp-content\/uploads\/2022\/08\/sven_fristedt-1-225x300.jpg 225w\" sizes=\"(max-width: 480px) 100vw, 480px\" \/><\/div>\n\t\t<\/a>\n\t\t\t\t<div class=\"elementor-post__text\">\n\t\t\t\t<h2 class=\"elementor-post__title\">\n\t\t\t<a href=\"https:\/\/borascotton.se\/en\/designers\/sven-fristedt\/\" >\n\t\t\t\tSven Fristedt\t\t\t<\/a>\n\t\t<\/h2>\n\t\t\t\t<div class=\"elementor-post__excerpt\">\n\t\t\t\t\t<\/div>\n\t\t\t\t<\/div>\n\t\t\t\t<\/article>\n\t\t\t\t<article class=\"elementor-post elementor-grid-item post-9368 designers type-designers status-publish has-post-thumbnail hentry\" role=\"listitem\">\n\t\t\t\t<a class=\"elementor-post__thumbnail__link\" href=\"https:\/\/borascotton.se\/en\/designers\/tuula-falk\/\" tabindex=\"-1\" >\n\t\t\t<div class=\"elementor-post__thumbnail\"><img loading=\"lazy\" decoding=\"async\" width=\"510\" height=\"676\" src=\"https:\/\/borascotton.se\/wp-content\/uploads\/2023\/09\/Tuula-Falk.1.jpg\" class=\"attachment-full size-full wp-image-9359\" alt=\"\" title=\"\" srcset=\"https:\/\/borascotton.se\/wp-content\/uploads\/2023\/09\/Tuula-Falk.1.jpg 510w, https:\/\/borascotton.se\/wp-content\/uploads\/2023\/09\/Tuula-Falk.1-226x300.jpg 226w\" sizes=\"(max-width: 510px) 100vw, 510px\" \/><\/div>\n\t\t<\/a>\n\t\t\t\t<div class=\"elementor-post__text\">\n\t\t\t\t<h2 class=\"elementor-post__title\">\n\t\t\t<a href=\"https:\/\/borascotton.se\/en\/designers\/tuula-falk\/\" >\n\t\t\t\tTuula Falk\t\t\t<\/a>\n\t\t<\/h2>\n\t\t\t\t<div class=\"elementor-post__excerpt\">\n\t\t\t\t\t<\/div>\n\t\t\t\t<\/div>\n\t\t\t\t<\/article>\n\t\t\t\t<\/div>\n\t\t\n\t\t\t\t\t\t<\/div>\n\t\t\t\t<\/div>\n\t\t\t\t\t<\/div>\n\t\t<\/div>\n\t\t\t\t\t<\/div>\n\t\t<\/section>\n\t\t\t\t<\/div>\n\t\t","protected":false},"excerpt":{"rendered":"<p>Swedish fabric designers<\/p>\n","protected":false},"author":6,"featured_media":8567,"parent":0,"menu_order":0,"comment_status":"closed","ping_status":"closed","template":"","meta":{"_acf_changed":false,"footnotes":""},"class_list":["post-7684","page","type-page","status-publish","has-post-thumbnail","hentry"],"acf":[],"_links":{"self":[{"href":"https:\/\/borascotton.se\/en\/wp-json\/wp\/v2\/pages\/7684","targetHints":{"allow":["GET"]}}],"collection":[{"href":"https:\/\/borascotton.se\/en\/wp-json\/wp\/v2\/pages"}],"about":[{"href":"https:\/\/borascotton.se\/en\/wp-json\/wp\/v2\/types\/page"}],"author":[{"embeddable":true,"href":"https:\/\/borascotton.se\/en\/wp-json\/wp\/v2\/users\/6"}],"replies":[{"embeddable":true,"href":"https:\/\/borascotton.se\/en\/wp-json\/wp\/v2\/comments?post=7684"}],"version-history":[{"count":9,"href":"https:\/\/borascotton.se\/en\/wp-json\/wp\/v2\/pages\/7684\/revisions"}],"predecessor-version":[{"id":9125,"href":"https:\/\/borascotton.se\/en\/wp-json\/wp\/v2\/pages\/7684\/revisions\/9125"}],"wp:featuredmedia":[{"embeddable":true,"href":"https:\/\/borascotton.se\/en\/wp-json\/wp\/v2\/media\/8567"}],"wp:attachment":[{"href":"https:\/\/borascotton.se\/en\/wp-json\/wp\/v2\/media?parent=7684"}],"curies":[{"name":"wp","href":"https:\/\/api.w.org\/{rel}","templated":true}]}}