{"id":6877,"date":"2022-05-13T14:58:54","date_gmt":"2022-05-13T14:58:54","guid":{"rendered":"https:\/\/ny.borascotton.se\/produkt\/happy-leaves-4\/"},"modified":"2022-05-13T14:58:54","modified_gmt":"2022-05-13T14:58:54","slug":"happy-leaves-4","status":"publish","type":"product","link":"https:\/\/borascotton.se\/en\/produkt\/happy-leaves-4\/","title":{"rendered":"Happy Leaves"},"content":{"rendered":"","protected":false},"excerpt":{"rendered":"<p>Happy Leaves \u00e4r en ny multi f\u00e4rgad layout av GLADA BLAD. Glada blad har s\u00e5lt i massor av f\u00e4rgst\u00e4llningar \u00f6ver hela v\u00e4rlden fr\u00e5n Tokyo till New York.<br \/>\nSven handtryckte denna nya layout och skickade oss i mars 2016. Vi \u00e4r nu v\u00e4ldigt \u201dHappy\u201d att ha den i v\u00e5r kollektion b\u00e5de som p\u00e5 300cm flams\u00e4ker polyester och p\u00e5 organisk bomull i 150cm bredd.<\/p>\n","protected":false},"featured_media":6878,"template":"","meta":{"_acf_changed":false},"product_brand":[],"product_cat":[596,843],"product_tag":[],"class_list":{"0":"post-6877","1":"product","2":"type-product","3":"status-publish","4":"has-post-thumbnail","6":"product_cat-natural-material","7":"product_cat-scandinavian-fabric-design","8":"pa_farg-sortering-blue-tones","9":"pa_farg-sortering-green-tones","10":"pa_farg-sortering-greige-tones","11":"pa_farg-sortering-multi-en","13":"first","14":"instock","15":"downloadable","16":"shipping-taxable","17":"product-type-simple"},"acf":[],"_links":{"self":[{"href":"https:\/\/borascotton.se\/en\/wp-json\/wp\/v2\/product\/6877","targetHints":{"allow":["GET"]}}],"collection":[{"href":"https:\/\/borascotton.se\/en\/wp-json\/wp\/v2\/product"}],"about":[{"href":"https:\/\/borascotton.se\/en\/wp-json\/wp\/v2\/types\/product"}],"wp:featuredmedia":[{"embeddable":true,"href":"https:\/\/borascotton.se\/en\/wp-json\/wp\/v2\/media\/6878"}],"wp:attachment":[{"href":"https:\/\/borascotton.se\/en\/wp-json\/wp\/v2\/media?parent=6877"}],"wp:term":[{"taxonomy":"product_brand","embeddable":true,"href":"https:\/\/borascotton.se\/en\/wp-json\/wp\/v2\/product_brand?post=6877"},{"taxonomy":"product_cat","embeddable":true,"href":"https:\/\/borascotton.se\/en\/wp-json\/wp\/v2\/product_cat?post=6877"},{"taxonomy":"product_tag","embeddable":true,"href":"https:\/\/borascotton.se\/en\/wp-json\/wp\/v2\/product_tag?post=6877"}],"curies":[{"name":"wp","href":"https:\/\/api.w.org\/{rel}","templated":true}]}}