{"id":7081,"date":"2022-05-13T14:50:58","date_gmt":"2022-05-13T14:50:58","guid":{"rendered":"https:\/\/ny.borascotton.se\/produkt\/cosmos\/"},"modified":"2022-05-13T14:50:58","modified_gmt":"2022-05-13T14:50:58","slug":"cosmos","status":"publish","type":"product","link":"https:\/\/borascotton.se\/en\/produkt\/cosmos\/","title":{"rendered":"Cosmos"},"content":{"rendered":"","protected":false},"excerpt":{"rendered":"<p>Designed year 1983. In the early 1982 G\u00f6ta Tr\u00e4g\u00e5rdh was asked if she could make some more designs for Bor\u00e5s Cotton. She was thrilled by the challenge and made three extraordinary designs, among them \u201cCosmos\u201d . At the age of 79 years she made \u201cCosmos\u201d  that still is contemporary and still there is nothing like it.<\/p>\n","protected":false},"featured_media":7082,"template":"","meta":{"_acf_changed":false},"product_brand":[],"product_cat":[594],"product_tag":[],"class_list":{"0":"post-7081","1":"product","2":"type-product","3":"status-publish","4":"has-post-thumbnail","6":"product_cat-flameproof-fabrics","7":"pa_farg-sortering-black-white","8":"pa_farg-sortering-multi-en","10":"first","11":"instock","12":"downloadable","13":"virtual","14":"product-type-simple"},"acf":[],"_links":{"self":[{"href":"https:\/\/borascotton.se\/en\/wp-json\/wp\/v2\/product\/7081","targetHints":{"allow":["GET"]}}],"collection":[{"href":"https:\/\/borascotton.se\/en\/wp-json\/wp\/v2\/product"}],"about":[{"href":"https:\/\/borascotton.se\/en\/wp-json\/wp\/v2\/types\/product"}],"wp:featuredmedia":[{"embeddable":true,"href":"https:\/\/borascotton.se\/en\/wp-json\/wp\/v2\/media\/7082"}],"wp:attachment":[{"href":"https:\/\/borascotton.se\/en\/wp-json\/wp\/v2\/media?parent=7081"}],"wp:term":[{"taxonomy":"product_brand","embeddable":true,"href":"https:\/\/borascotton.se\/en\/wp-json\/wp\/v2\/product_brand?post=7081"},{"taxonomy":"product_cat","embeddable":true,"href":"https:\/\/borascotton.se\/en\/wp-json\/wp\/v2\/product_cat?post=7081"},{"taxonomy":"product_tag","embeddable":true,"href":"https:\/\/borascotton.se\/en\/wp-json\/wp\/v2\/product_tag?post=7081"}],"curies":[{"name":"wp","href":"https:\/\/api.w.org\/{rel}","templated":true}]}}