{"id":7147,"date":"2022-05-13T14:50:08","date_gmt":"2022-05-13T14:50:08","guid":{"rendered":"https:\/\/ny.borascotton.se\/produkt\/rapid-2\/"},"modified":"2022-05-13T14:50:08","modified_gmt":"2022-05-13T14:50:08","slug":"rapid-2","status":"publish","type":"product","link":"https:\/\/borascotton.se\/en\/produkt\/rapid-2\/","title":{"rendered":"Rapid"},"content":{"rendered":"","protected":false},"excerpt":{"rendered":"<p>Designed year 1983. This classic design reminiscent to G\u00f6ta Tr\u00e4g\u00e5rdhs 1950-ies production, and is a development of the design Nausikaa that was in the collection in the late 60-ies.<\/p>\n","protected":false},"featured_media":7148,"template":"","meta":{"_acf_changed":false},"product_brand":[],"product_cat":[594],"product_tag":[],"class_list":{"0":"post-7147","1":"product","2":"type-product","3":"status-publish","4":"has-post-thumbnail","6":"product_cat-flameproof-fabrics","7":"pa_farg-sortering-black-white","9":"first","10":"instock","11":"downloadable","12":"virtual","13":"product-type-simple"},"acf":[],"_links":{"self":[{"href":"https:\/\/borascotton.se\/en\/wp-json\/wp\/v2\/product\/7147","targetHints":{"allow":["GET"]}}],"collection":[{"href":"https:\/\/borascotton.se\/en\/wp-json\/wp\/v2\/product"}],"about":[{"href":"https:\/\/borascotton.se\/en\/wp-json\/wp\/v2\/types\/product"}],"wp:featuredmedia":[{"embeddable":true,"href":"https:\/\/borascotton.se\/en\/wp-json\/wp\/v2\/media\/7148"}],"wp:attachment":[{"href":"https:\/\/borascotton.se\/en\/wp-json\/wp\/v2\/media?parent=7147"}],"wp:term":[{"taxonomy":"product_brand","embeddable":true,"href":"https:\/\/borascotton.se\/en\/wp-json\/wp\/v2\/product_brand?post=7147"},{"taxonomy":"product_cat","embeddable":true,"href":"https:\/\/borascotton.se\/en\/wp-json\/wp\/v2\/product_cat?post=7147"},{"taxonomy":"product_tag","embeddable":true,"href":"https:\/\/borascotton.se\/en\/wp-json\/wp\/v2\/product_tag?post=7147"}],"curies":[{"name":"wp","href":"https:\/\/api.w.org\/{rel}","templated":true}]}}