{"id":7243,"date":"2022-05-13T14:45:27","date_gmt":"2022-05-13T14:45:27","guid":{"rendered":"https:\/\/ny.borascotton.se\/produkt\/rapid\/"},"modified":"2022-05-13T14:45:27","modified_gmt":"2022-05-13T14:45:27","slug":"rapid","status":"publish","type":"product","link":"https:\/\/borascotton.se\/en\/produkt\/rapid\/","title":{"rendered":"Rapid"},"content":{"rendered":"","protected":false},"excerpt":{"rendered":"<p>Designed year 1983. This classic design reminiscent to G\u00f6ta Tr\u00e4g\u00e5rdhs 1950-ies production, and is a development of the design Nausikaa that was in the collection in the late 60-ies.<\/p>\n","protected":false},"featured_media":7244,"template":"","meta":{"_acf_changed":false},"product_brand":[],"product_cat":[596,843],"product_tag":[],"class_list":{"0":"post-7243","1":"product","2":"type-product","3":"status-publish","4":"has-post-thumbnail","6":"product_cat-natural-material","7":"product_cat-scandinavian-fabric-design","8":"pa_farg-sortering-greige-tones","10":"first","11":"instock","12":"downloadable","13":"virtual","14":"product-type-simple"},"acf":[],"_links":{"self":[{"href":"https:\/\/borascotton.se\/en\/wp-json\/wp\/v2\/product\/7243","targetHints":{"allow":["GET"]}}],"collection":[{"href":"https:\/\/borascotton.se\/en\/wp-json\/wp\/v2\/product"}],"about":[{"href":"https:\/\/borascotton.se\/en\/wp-json\/wp\/v2\/types\/product"}],"wp:featuredmedia":[{"embeddable":true,"href":"https:\/\/borascotton.se\/en\/wp-json\/wp\/v2\/media\/7244"}],"wp:attachment":[{"href":"https:\/\/borascotton.se\/en\/wp-json\/wp\/v2\/media?parent=7243"}],"wp:term":[{"taxonomy":"product_brand","embeddable":true,"href":"https:\/\/borascotton.se\/en\/wp-json\/wp\/v2\/product_brand?post=7243"},{"taxonomy":"product_cat","embeddable":true,"href":"https:\/\/borascotton.se\/en\/wp-json\/wp\/v2\/product_cat?post=7243"},{"taxonomy":"product_tag","embeddable":true,"href":"https:\/\/borascotton.se\/en\/wp-json\/wp\/v2\/product_tag?post=7243"}],"curies":[{"name":"wp","href":"https:\/\/api.w.org\/{rel}","templated":true}]}}